{"id":476,"date":"2022-11-01T17:56:39","date_gmt":"2022-11-01T15:56:39","guid":{"rendered":"http:\/\/www.a-ceramics.com\/terms-and-conditions-3\/"},"modified":"2024-04-15T17:44:03","modified_gmt":"2024-04-15T15:44:03","slug":"piegade-un-atgriesana","status":"publish","type":"page","link":"https:\/\/www.anzeceramics.com\/en\/piegade-un-atgriesana\/","title":{"rendered":"Delivery and returns"},"content":{"rendered":"<style>\/*! elementor - v3.12.2 - 23-04-2023 *\/\n.elementor-heading-title{padding:0;margin:0;line-height:1}.elementor-widget-heading .elementor-heading-title[class*=elementor-size-]>a{color:inherit;font-size:inherit;line-height:inherit}.elementor-widget-heading .elementor-heading-title.elementor-size-small{font-size:15px}.elementor-widget-heading .elementor-heading-title.elementor-size-medium{font-size:19px}.elementor-widget-heading .elementor-heading-title.elementor-size-large{font-size:29px}.elementor-widget-heading .elementor-heading-title.elementor-size-xl{font-size:39px}.elementor-widget-heading .elementor-heading-title.elementor-size-xxl{font-size:59px}<\/style>\n<h2>pieg\u0101de un atgrie\u0161ana<\/h2>\n<p>Ieg\u0101d\u0101joties produktus m\u0101jaslap\u0101 www.a-ceramics.com pirc\u0113js autom\u0101tiski piekr\u012bt MK noteikumiem Nr. 255 Noteikumi par distances l\u012bgumu un nosac\u012bjumiem, kas aprakst\u012bti zem\u0101k.<\/p>\n<p><b>Distances l\u012bgums<\/b><\/p>\n<p>Interneta veikal\u0101 www.a-ceramics.com pied\u0101v\u0101to pre\u010du p\u0101rdev\u0113js no vienas puses, turpm\u0101k saukts P\u0101rdev\u0113js, un persona, kas veic pas\u016bt\u012bjumu, turpm\u0101k saukta Pirc\u0113js, no otras puses, nosl\u0113dz \u0161\u0101du L\u012bgumu: P\u0101rdev\u0113js ap\u0146emas p\u0101rdot un pieg\u0101d\u0101t Pirc\u0113jam preces, atbilsto\u0161i Pirc\u0113ja pas\u016bt\u012bjumam.\u00a0<\/p>\n<p><b>Pieg\u0101des un samaksas k\u0101rt\u012bba<\/b><\/p>\n<p>Pirc\u0113js veic pre\u010du pas\u016bt\u012b\u0161anu caur m\u0101jaslapu www.a-ceramics.com, nor\u0101dot pas\u016bt\u0101mo pre\u010du veidu un daudzumu. Pirc\u0113js veic apmaksu par preci lietojot Interneta veikl\u0101 iestr\u0101d\u0101tos maks\u0101juma r\u012bkus.<\/p>\n<p>Preces pieg\u0101de tiek nodro\u0161in\u0101ta ar <i>Omniva<\/i> pakom\u0101tiem.\u00a0Pas\u016bt\u012btie trauki tiek r\u016bp\u012bgi iepakoti un izs\u016bt\u012bti 1-3 darba dienu laik\u0101 p\u0113c apmaksas sa\u0146em\u0161anas.<\/p>\n<p>Ar\u012b klientiem Baltijas valst\u012bs (Latvija, Lietuva, Igaunija) ir iesp\u0113ja sa\u0146emt pas\u016bt\u012bjumu Omniva pakom\u0101t\u0101. Pas\u016bt\u012bjums tiks r\u016bp\u012bgi iepakots un izs\u016bt\u012bts 1-3 darba dienu laik\u0101 p\u0113c apmaksas sa\u0146em\u0161anas. Pieg\u0101de var aiz\u0146emt 1-4 darba dienas, atkar\u012bb\u0101 no pieg\u0101des adreses vai pakom\u0101tu noslogojuma (piem\u0113ram, sv\u0113tku laik\u0101).<\/p>\n<p>Traukus vari bez pieg\u0101des maksas sa\u0146emt pie manis darbn\u012bc\u0101 Lejasciema pagast\u0101, Gulbenes novad\u0101, pirms tam ar mani sazinoties.<\/p>\n<p>Standarta pieg\u0101des maksa ir 5EUR, bet s\u016bt\u012bjumiem virs 150EUR bezmaksas. \u00a0Pie pas\u016bt\u012bjuma, papildus tiek nor\u0101d\u012bts, ka s\u016bt\u012bjums ir trausls, t\u0101d\u0101 veid\u0101 garant\u0113jot, ka to \u0161\u0137iro manu\u0101li, t\u0101tad, saudz\u012bg\u0101k.<\/p>\n<p>Visi trauki tiek iepakoti dabai draudz\u012bg\u0101 veid\u0101, maksim\u0101li dro\u0161i un neizmantojot platsmasu. T\u0101p\u0113c iepakojum\u0101 sagaidi da\u017e\u0101da veida pap\u012bra sasp\u0113li.<\/p>\n<p>Par pieg\u0101des iesp\u0113j\u0101m \u0101rpus Latvijas teritorijas, l\u016bdzu, pirms pas\u016bt\u012bjuma veik\u0161anas, sazinies ar mani person\u012bgi.<\/p>\n<p><b>Atteikuma un atgrie\u0161anas ties\u012bbas<\/b><\/p>\n<p>Pirc\u0113jam ir ties\u012bbas atteikties no preces 14 kalend\u0101ro dienu laik\u0101 no Preces sa\u0146em\u0161anas br\u012b\u017ea, nos\u016btot P\u0101rdev\u0113jam par to atteikuma v\u0113stuli. Atteikuma v\u0113stules veidlapu P\u0101rdev\u0113js nos\u016bta Pirc\u0113jam pa e-pastu p\u0113c Pirc\u0113ja piepras\u012bjuma.<\/p>\n<p>Pirc\u0113ja pien\u0101kums ir 7 dienu laik\u0101 p\u0113c atteikuma v\u0113stules nos\u016bt\u012b\u0161anas atdot preci P\u0101rdev\u0113jam. Visus izdevumus, kas rad\u012bsies saist\u012bb\u0101 ar preces nos\u016bt\u012b\u0161anu atpaka\u013c P\u0101rdev\u0113jam, sedz Pirc\u0113js.<\/p>\n<p>Latvijas Republikas Pat\u0113r\u0113t\u0101ju ties\u012bbu aizsardz\u012bbas likuma 12. panta sest\u0101 da\u013ca nosaka, ka &#8220;pat\u0113r\u0113t\u0101js ir atbild\u012bgs par preces kvalit\u0101tes un dro\u0161uma saglab\u0101\u0161anu atteikuma ties\u012bbu realiz\u0113\u0161anas termi\u0146\u0101&#8221;. P\u0101rdev\u0113js patur ties\u012bbas Pirc\u0113jam atteikt izmantot atteikuma ties\u012bbas vai ietur\u0113t kompens\u0101cijas maksu gad\u012bjum\u0101, ja prece ir boj\u0101ta, lieto\u0161anas laik\u0101 nev\u0113r\u012bgi izturoties pret preci vai neiev\u0113rojot instrukcijas nor\u0101d\u012bjumus, ja ir nozaud\u0113ts preces ori\u0123in\u0101lais iepakojums vai ja t\u0101s iepakojums ir b\u016btiski boj\u0101ts.<\/p>\n<p>Pre\u010du \u012bpatn\u012bbas ir nor\u0101d\u012btas pie katras preces eso\u0161\u0101 apraksta. P\u0101rdev\u0113js nav atbild\u012bgs par to, ka interneta veikala pre\u010du kr\u0101sa, forma un citi parametri var neatbilst re\u0101lam pre\u010du izm\u0113ram, formai, kr\u0101sai Pirc\u0113ja izmantot\u0101 monitora \u012bpa\u0161\u012bbu d\u0113\u013c.<\/p>\n<p>V\u0113loties atgriezt preci (-es), izmantojot atteikuma ties\u012bbas, pirc\u0113jam ir j\u0101aizpilda pre\u010du atgrie\u0161anas dokuments, j\u0101pievieno tas atgrie\u017eamajai precei un j\u0101inform\u0113 par atgrie\u0161anu P\u0101rdev\u0113js.\u00a0<\/p>\n<p>V\u0113loties atgriezt preci, Pirc\u0113jam j\u0101s\u016bta e-pasts uz <strong>ieva.anze@gmail.com<\/strong>, iek\u013caujot pas\u016bt\u012bjuma numuru un atgrie\u0161anas iemeslu (preces defekts, boj\u0101jums, tr\u016bksto\u0161a da\u013ca u. c.). Ja prece pieg\u0101d\u0101ta ar defektu, e-past\u0101 j\u0101pievieno foto. T\u0101l\u0101k\u00a0m\u0113s ar Jums sazin\u0101simies. L\u016bdzu, \u0146emiet v\u0113r\u0101, ka izdevumus par s\u016bt\u012bjuma atgrie\u0161anu sedz Pirc\u0113js, iz\u0146emot gad\u012bjumus, kad Jums prece pieg\u0101d\u0101ta ar k\u0101du defektu vai neesat sa\u0146\u0113mu\u0161i pas\u016bt\u012bto preci. Kad m\u0113s sa\u0146emsim Tavu atgriezto produktu, m\u0113s p\u0101rskait\u012bsim pirkuma summu uz Tavu nor\u0101d\u012bto kontu 30 dienu laik\u0101.<\/p>\n<p>Iesniedzot pretenziju, Pirc\u0113jam ir j\u0101nor\u0101da viens no veidiem, k\u0101d\u0101 Pirc\u0113js v\u0113las, lai pretenzija tiktu atrisin\u0101ta (P\u0101rdev\u0113js bez atl\u012bdz\u012bbas nov\u0113r\u0161 Preces tr\u016bkumus (ja tos iesp\u0113jams nov\u0113rst), samazina pirkuma cenu, aizst\u0101j Preci ar analo\u0123iskas kvalit\u0101tes Preci (iz\u0146emot gad\u012bjumus, ja tr\u016bkumi ir nelieli un tie radu\u0161ies Pirc\u0113ja vainas d\u0113\u013c), atce\u013c L\u012bgumu un atmaks\u0101 Pirc\u0113jam par Preci samaks\u0101to naudas summu (ja neatbilsto\u0161as kvalit\u0101tes Preces p\u0101rdo\u0161ana ir b\u016btisks pas\u016bt\u012bjuma p\u0101rk\u0101pums)).<\/p>\n<p>Izskatot pretenziju, atbilde tiek sniegta 14 (\u010detrpadsmit) dienu laik\u0101.<\/p>\n<p><b>Datu<\/b> <b>apstr\u0101de<\/b><\/p>\n<p>Ievadot nepiecie\u0161amo inform\u0101ciju, noform\u0113jot pas\u016bt\u012bjumu, Pirc\u0113js apliecina, ka ir iepazinies un piekr\u012bt, ka vi\u0146a sniegtie dati tiek izmantoti, lai P\u0101rdev\u0113js var\u0113tu pie\u0146emt Pirc\u0113ja pas\u016bt\u012bjumu un veikt pre\u010du pieg\u0101di saska\u0146\u0101 ar LR likumdo\u0161anas pras\u012bb\u0101m. Ievadot inform\u0101ciju, Pirc\u0113js piekr\u012bt, ka tam uz nor\u0101d\u012bto e-pastu tiks izs\u016bt\u012bti pazi\u0146ojumi, kas saist\u012bti ar Pirc\u0113ja pas\u016bt\u012bjuma apstr\u0101di.<\/p>\n<p>J\u016bsu person\u012bg\u0101 kontaktinform\u0101cija ir 100% konfidenci\u0101la un netiks izpausta nevienai tre\u0161ajai personai.<\/p>\n<p>Ja Jums ir v\u0113l k\u0101di jaut\u0101jumi, dro\u0161i sazinieties ar <strong>ieva.anze@gmail.com<\/strong><\/p>\n<p>SIA A CERAMICS nosl\u0113gts l\u012bgums ar LIAA par inkub\u0101cijas atbalsta sa\u0146em\u0161anu ERAF projekt\u0101 Nr. BIZIN-I-2022\/115\u00a0\u201cRe\u0123ion\u0101lie biznesa inkubatori un Rado\u0161o industriju inkubators\u201d.<\/p>\n<style>\/*! elementor - v3.12.2 - 23-04-2023 *\/\n.elementor-widget-image{text-align:center}.elementor-widget-image a{display:inline-block}.elementor-widget-image a img[src$=\".svg\"]{width:48px}.elementor-widget-image img{vertical-align:middle;display:inline-block}<\/style>\n<p>\t\t\t\t\t\t\t\t\t\t\t\t<img loading=\"lazy\" decoding=\"async\" width=\"1024\" height=\"94\" src=\"https:\/\/www.a-ceramics.com\/wp-content\/uploads\/2023\/04\/MLBiznesainkubatori_ERAF_webam_lv-1024x94.png\" alt=\"Biznesa inkubators\" loading=\"lazy\" srcset=\"https:\/\/www.a-ceramics.com\/wp-content\/uploads\/2023\/04\/MLBiznesainkubatori_ERAF_webam_lv-1024x94.png 1024w, https:\/\/www.a-ceramics.com\/wp-content\/uploads\/2023\/04\/MLBiznesainkubatori_ERAF_webam_lv-300x28.png 300w, https:\/\/www.a-ceramics.com\/wp-content\/uploads\/2023\/04\/MLBiznesainkubatori_ERAF_webam_lv-768x71.png 768w, https:\/\/www.a-ceramics.com\/wp-content\/uploads\/2023\/04\/MLBiznesainkubatori_ERAF_webam_lv-1536x141.png 1536w, https:\/\/www.a-ceramics.com\/wp-content\/uploads\/2023\/04\/MLBiznesainkubatori_ERAF_webam_lv-2048x188.png 2048w, https:\/\/www.a-ceramics.com\/wp-content\/uploads\/2023\/04\/MLBiznesainkubatori_ERAF_webam_lv-18x2.png 18w, https:\/\/www.a-ceramics.com\/wp-content\/uploads\/2023\/04\/MLBiznesainkubatori_ERAF_webam_lv-600x55.png 600w\" sizes=\"(max-width: 1024px) 100vw, 1024px\" \/><\/p>\n","protected":false},"excerpt":{"rendered":"<p>pieg\u0101de un atgrie\u0161ana Ieg\u0101d\u0101joties produktus m\u0101jaslap\u0101 www.a-ceramics.com pirc\u0113js autom\u0101tiski piekr\u012bt MK noteikumiem Nr. 255 Noteikumi par distances l\u012bgumu un nosac\u012bjumiem, kas aprakst\u012bti zem\u0101k. Distances l\u012bgums Interneta veikal\u0101 www.a-ceramics.com pied\u0101v\u0101to pre\u010du p\u0101rdev\u0113js no vienas puses, turpm\u0101k saukts P\u0101rdev\u0113js, un persona, kas veic pas\u016bt\u012bjumu, turpm\u0101k saukta Pirc\u0113js, no otras puses, nosl\u0113dz \u0161\u0101du L\u012bgumu: P\u0101rdev\u0113js ap\u0146emas p\u0101rdot un &hellip;<\/p>\n<p class=\"read-more\"> <a class=\"\" href=\"https:\/\/www.anzeceramics.com\/en\/piegade-un-atgriesana\/\"> <span class=\"screen-reader-text\">Delivery and returns<\/span> Read More &raquo;<\/a><\/p>","protected":false},"author":1,"featured_media":0,"parent":0,"menu_order":0,"comment_status":"closed","ping_status":"closed","template":"elementor_header_footer","meta":{"site-sidebar-layout":"default","site-content-layout":"default","ast-global-header-display":"","ast-main-header-display":"","ast-hfb-above-header-display":"","ast-hfb-below-header-display":"","ast-hfb-mobile-header-display":"","site-post-title":"","ast-breadcrumbs-content":"","ast-featured-img":"","footer-sml-layout":"","theme-transparent-header-meta":"","adv-header-id-meta":"","stick-header-meta":"","header-above-stick-meta":"","header-main-stick-meta":"","header-below-stick-meta":"","footnotes":""},"aioseo_notices":[],"_links":{"self":[{"href":"https:\/\/www.anzeceramics.com\/en\/wp-json\/wp\/v2\/pages\/476"}],"collection":[{"href":"https:\/\/www.anzeceramics.com\/en\/wp-json\/wp\/v2\/pages"}],"about":[{"href":"https:\/\/www.anzeceramics.com\/en\/wp-json\/wp\/v2\/types\/page"}],"author":[{"embeddable":true,"href":"https:\/\/www.anzeceramics.com\/en\/wp-json\/wp\/v2\/users\/1"}],"replies":[{"embeddable":true,"href":"https:\/\/www.anzeceramics.com\/en\/wp-json\/wp\/v2\/comments?post=476"}],"version-history":[{"count":13,"href":"https:\/\/www.anzeceramics.com\/en\/wp-json\/wp\/v2\/pages\/476\/revisions"}],"predecessor-version":[{"id":1278,"href":"https:\/\/www.anzeceramics.com\/en\/wp-json\/wp\/v2\/pages\/476\/revisions\/1278"}],"wp:attachment":[{"href":"https:\/\/www.anzeceramics.com\/en\/wp-json\/wp\/v2\/media?parent=476"}],"curies":[{"name":"wp","href":"https:\/\/api.w.org\/{rel}","templated":true}]}}