{"id":480,"date":"2022-11-01T17:56:39","date_gmt":"2022-11-01T15:56:39","guid":{"rendered":"http:\/\/www.a-ceramics.com\/cart-4\/"},"modified":"2023-07-10T16:03:11","modified_gmt":"2023-07-10T14:03:11","slug":"grozs","status":"publish","type":"page","link":"https:\/\/www.anzeceramics.com\/en\/grozs\/","title":{"rendered":"Grozs"},"content":{"rendered":"<div data-elementor-type=\"wp-page\" data-elementor-id=\"480\" class=\"elementor elementor-480\" data-elementor-post-type=\"page\">\n\t\t\t\t\t\t<section class=\"elementor-section elementor-top-section elementor-element elementor-element-125e73bc elementor-section-boxed elementor-section-height-default elementor-section-height-default\" data-id=\"125e73bc\" data-element_type=\"section\">\n\t\t\t\t\t\t<div class=\"elementor-container elementor-column-gap-default\">\n\t\t\t\t\t<div class=\"elementor-column elementor-col-100 elementor-top-column elementor-element elementor-element-5e646781\" data-id=\"5e646781\" data-element_type=\"column\">\n\t\t\t<div class=\"elementor-widget-wrap elementor-element-populated\">\n\t\t\t\t\t\t\t<\/div>\n\t\t<\/div>\n\t\t\t\t\t<\/div>\n\t\t<\/section>\n\t\t\t\t<\/div>","protected":false},"excerpt":{"rendered":"<p>Remove item Thumbnail image Product Price Quantity Subtotal Kron\u012b\u0161i Kr\u0101sa: b\u0113\u0161s ar l\u0101sumiem &euro;30.00 Kron\u012b\u0161i &#8211; b\u0113\u0161s ar l\u0101sumiem, 11 quantity &euro;30.00 Kron\u012b\u0161i Kr\u0101sa: b\u0113\u0161s ar l\u0101sumiem &euro;30.00 Kron\u012b\u0161i &#8211; b\u0113\u0161s ar l\u0101sumiem, 11 quantity &euro;30.00 Kron\u012b\u0161i Kr\u0101sa: melns &euro;30.00 Kron\u012b\u0161i &#8211; melns, 11 quantity &euro;30.00 Kopsumma Subtotal &euro;90.00 Shipping DPD pakom\u0101ts: &euro;5.00 Sa\u0146em\u0161ana uz &hellip;<\/p>\n<p class=\"read-more\"> <a class=\"\" href=\"https:\/\/www.anzeceramics.com\/en\/grozs\/\"> <span class=\"screen-reader-text\">Grozs<\/span> Read More &raquo;<\/a><\/p>","protected":false},"author":1,"featured_media":0,"parent":0,"menu_order":0,"comment_status":"closed","ping_status":"closed","template":"","meta":{"site-sidebar-layout":"default","site-content-layout":"default","ast-global-header-display":"","ast-main-header-display":"","ast-hfb-above-header-display":"","ast-hfb-below-header-display":"","ast-hfb-mobile-header-display":"","site-post-title":"","ast-breadcrumbs-content":"","ast-featured-img":"","footer-sml-layout":"","theme-transparent-header-meta":"","adv-header-id-meta":"","stick-header-meta":"","header-above-stick-meta":"","header-main-stick-meta":"","header-below-stick-meta":"","footnotes":""},"aioseo_notices":[],"_links":{"self":[{"href":"https:\/\/www.anzeceramics.com\/en\/wp-json\/wp\/v2\/pages\/480"}],"collection":[{"href":"https:\/\/www.anzeceramics.com\/en\/wp-json\/wp\/v2\/pages"}],"about":[{"href":"https:\/\/www.anzeceramics.com\/en\/wp-json\/wp\/v2\/types\/page"}],"author":[{"embeddable":true,"href":"https:\/\/www.anzeceramics.com\/en\/wp-json\/wp\/v2\/users\/1"}],"replies":[{"embeddable":true,"href":"https:\/\/www.anzeceramics.com\/en\/wp-json\/wp\/v2\/comments?post=480"}],"version-history":[{"count":16,"href":"https:\/\/www.anzeceramics.com\/en\/wp-json\/wp\/v2\/pages\/480\/revisions"}],"predecessor-version":[{"id":1319,"href":"https:\/\/www.anzeceramics.com\/en\/wp-json\/wp\/v2\/pages\/480\/revisions\/1319"}],"wp:attachment":[{"href":"https:\/\/www.anzeceramics.com\/en\/wp-json\/wp\/v2\/media?parent=480"}],"curies":[{"name":"wp","href":"https:\/\/api.w.org\/{rel}","templated":true}]}}