{"id":488,"date":"2022-11-01T17:56:39","date_gmt":"2022-11-01T15:56:39","guid":{"rendered":"http:\/\/www.a-ceramics.com\/home-6\/"},"modified":"2024-04-15T11:38:09","modified_gmt":"2024-04-15T09:38:09","slug":"sakums","status":"publish","type":"page","link":"https:\/\/www.anzeceramics.com\/en\/","title":{"rendered":"S\u0101kums"},"content":{"rendered":"\t\t<div data-elementor-type=\"wp-page\" data-elementor-id=\"488\" class=\"elementor elementor-488\" data-elementor-post-type=\"page\">\n\t\t\t\t\t\t<section class=\"elementor-section elementor-top-section elementor-element elementor-element-10fec7f2 elementor-section-full_width elementor-section-content-middle elementor-reverse-tablet elementor-reverse-mobile elementor-section-height-default elementor-section-height-default\" data-id=\"10fec7f2\" data-element_type=\"section\" id=\"about\">\n\t\t\t\t\t\t<div class=\"elementor-container elementor-column-gap-no\">\n\t\t\t\t\t<div class=\"elementor-column elementor-col-33 elementor-top-column elementor-element elementor-element-8f56c81\" data-id=\"8f56c81\" data-element_type=\"column\">\n\t\t\t<div class=\"elementor-widget-wrap elementor-element-populated\">\n\t\t\t\t\t\t<div class=\"elementor-element elementor-element-115cb9b elementor-widget elementor-widget-image\" data-id=\"115cb9b\" data-element_type=\"widget\" data-settings=\"{&quot;motion_fx_motion_fx_scrolling&quot;:&quot;yes&quot;,&quot;motion_fx_translateY_effect&quot;:&quot;yes&quot;,&quot;motion_fx_translateY_direction&quot;:&quot;negative&quot;,&quot;motion_fx_translateY_speed&quot;:{&quot;unit&quot;:&quot;px&quot;,&quot;size&quot;:2,&quot;sizes&quot;:[]},&quot;motion_fx_translateY_affectedRange&quot;:{&quot;unit&quot;:&quot;%&quot;,&quot;size&quot;:&quot;&quot;,&quot;sizes&quot;:{&quot;start&quot;:0,&quot;end&quot;:49}},&quot;motion_fx_devices&quot;:[&quot;desktop&quot;,&quot;tablet&quot;]}\" data-widget_type=\"image.default\">\n\t\t\t\t<div class=\"elementor-widget-container\">\n\t\t\t\t\t\t\t\t\t\t\t\t\t\t\t<img fetchpriority=\"high\" decoding=\"async\" width=\"683\" height=\"1024\" src=\"https:\/\/www.anzeceramics.com\/wp-content\/uploads\/2022\/11\/DSC06702-683x1024.jpg\" class=\"attachment-large size-large wp-image-1426\" alt=\"\" srcset=\"https:\/\/www.anzeceramics.com\/wp-content\/uploads\/2022\/11\/DSC06702-683x1024.jpg 683w, https:\/\/www.anzeceramics.com\/wp-content\/uploads\/2022\/11\/DSC06702-200x300.jpg 200w, https:\/\/www.anzeceramics.com\/wp-content\/uploads\/2022\/11\/DSC06702-768x1152.jpg 768w, https:\/\/www.anzeceramics.com\/wp-content\/uploads\/2022\/11\/DSC06702-1024x1536.jpg 1024w, https:\/\/www.anzeceramics.com\/wp-content\/uploads\/2022\/11\/DSC06702-8x12.jpg 8w, https:\/\/www.anzeceramics.com\/wp-content\/uploads\/2022\/11\/DSC06702-600x900.jpg 600w, https:\/\/www.anzeceramics.com\/wp-content\/uploads\/2022\/11\/DSC06702.jpg 1365w\" sizes=\"(max-width: 683px) 100vw, 683px\" \/>\t\t\t\t\t\t\t\t\t\t\t\t\t\t\t<\/div>\n\t\t\t\t<\/div>\n\t\t\t\t\t<\/div>\n\t\t<\/div>\n\t\t\t\t<div class=\"elementor-column elementor-col-33 elementor-top-column elementor-element elementor-element-e0ab432\" data-id=\"e0ab432\" data-element_type=\"column\">\n\t\t\t<div class=\"elementor-widget-wrap elementor-element-populated\">\n\t\t\t\t\t\t<div class=\"elementor-element elementor-element-712af002 elementor-widget elementor-widget-image\" data-id=\"712af002\" data-element_type=\"widget\" data-settings=\"{&quot;motion_fx_motion_fx_scrolling&quot;:&quot;yes&quot;,&quot;motion_fx_translateY_effect&quot;:&quot;yes&quot;,&quot;motion_fx_translateY_speed&quot;:{&quot;unit&quot;:&quot;px&quot;,&quot;size&quot;:2,&quot;sizes&quot;:[]},&quot;motion_fx_translateY_affectedRange&quot;:{&quot;unit&quot;:&quot;%&quot;,&quot;size&quot;:&quot;&quot;,&quot;sizes&quot;:{&quot;start&quot;:0,&quot;end&quot;:49}},&quot;motion_fx_devices&quot;:[&quot;desktop&quot;,&quot;tablet&quot;,&quot;mobile&quot;]}\" data-widget_type=\"image.default\">\n\t\t\t\t<div class=\"elementor-widget-container\">\n\t\t\t\t\t\t\t\t\t\t\t\t\t\t\t<img decoding=\"async\" width=\"683\" height=\"1024\" src=\"https:\/\/www.anzeceramics.com\/wp-content\/uploads\/2023\/03\/4CF31ED4-8D19-49E8-9A55-C9EE9A47D0CB-683x1024.jpeg\" class=\"attachment-large size-large wp-image-1151\" alt=\"akmensmasas trauki\" srcset=\"https:\/\/www.anzeceramics.com\/wp-content\/uploads\/2023\/03\/4CF31ED4-8D19-49E8-9A55-C9EE9A47D0CB-683x1024.jpeg 683w, https:\/\/www.anzeceramics.com\/wp-content\/uploads\/2023\/03\/4CF31ED4-8D19-49E8-9A55-C9EE9A47D0CB-200x300.jpeg 200w, https:\/\/www.anzeceramics.com\/wp-content\/uploads\/2023\/03\/4CF31ED4-8D19-49E8-9A55-C9EE9A47D0CB-768x1152.jpeg 768w, https:\/\/www.anzeceramics.com\/wp-content\/uploads\/2023\/03\/4CF31ED4-8D19-49E8-9A55-C9EE9A47D0CB-1024x1536.jpeg 1024w, https:\/\/www.anzeceramics.com\/wp-content\/uploads\/2023\/03\/4CF31ED4-8D19-49E8-9A55-C9EE9A47D0CB-1365x2048.jpeg 1365w, https:\/\/www.anzeceramics.com\/wp-content\/uploads\/2023\/03\/4CF31ED4-8D19-49E8-9A55-C9EE9A47D0CB-8x12.jpeg 8w, https:\/\/www.anzeceramics.com\/wp-content\/uploads\/2023\/03\/4CF31ED4-8D19-49E8-9A55-C9EE9A47D0CB-600x900.jpeg 600w, https:\/\/www.anzeceramics.com\/wp-content\/uploads\/2023\/03\/4CF31ED4-8D19-49E8-9A55-C9EE9A47D0CB-scaled.jpeg 1706w\" sizes=\"(max-width: 683px) 100vw, 683px\" \/>\t\t\t\t\t\t\t\t\t\t\t\t\t\t\t<\/div>\n\t\t\t\t<\/div>\n\t\t\t\t\t<\/div>\n\t\t<\/div>\n\t\t\t\t<div class=\"elementor-column elementor-col-33 elementor-top-column elementor-element elementor-element-62024fbf\" data-id=\"62024fbf\" data-element_type=\"column\">\n\t\t\t<div class=\"elementor-widget-wrap elementor-element-populated\">\n\t\t\t\t\t\t<div class=\"elementor-element elementor-element-3c778ff6 animated-slow elementor-invisible elementor-widget elementor-widget-heading\" data-id=\"3c778ff6\" data-element_type=\"widget\" data-settings=\"{&quot;_animation&quot;:&quot;fadeIn&quot;,&quot;_animation_delay&quot;:200}\" data-widget_type=\"heading.default\">\n\t\t\t\t<div class=\"elementor-widget-container\">\n\t\t\t\t\t<h2 class=\"elementor-heading-title elementor-size-default\">mani sauc ieva an\u017ee. Esmu \u0161\u012b z\u012bmola  rad\u012bt\u0101ja, sirds un dv\u0113sele <\/h2>\t\t\t\t<\/div>\n\t\t\t\t<\/div>\n\t\t\t\t<div class=\"elementor-element elementor-element-7a70cb7d elementor-widget elementor-widget-text-editor\" data-id=\"7a70cb7d\" data-element_type=\"widget\" data-widget_type=\"text-editor.default\">\n\t\t\t\t<div class=\"elementor-widget-container\">\n\t\t\t\t\t\t\t\t\t<p>izgatavoju funkcion\u0101lus dizaina kro\u0146u formas traukus tavai dz\u012bves telpai un ikdienas svin\u0113\u0161anai.<\/p><p>z\u012bmols, kas radies no manas liel\u0101s m\u012blest\u012bbas pret skaist\u0101m liet\u0101m apk\u0101rt, \u012bpa\u0161i traukiem. unik\u0101las formas traukiem.\u00a0 un kronis vienm\u0113r ir par sevis, dz\u012bves un ar\u012b ikdienas svin\u0113\u0161anu. tas ir skaists atg\u0101din\u0101jums tev ne tikai par savu v\u0113rt\u012bbu, bet, to d\u0101vinot, tu atg\u0101dini ar\u012b sev m\u012b\u013cam cilv\u0113kam par vi\u0146a lielo noz\u012bmi tav\u0101 dz\u012bv\u0113.\u00a0<\/p>\t\t\t\t\t\t\t\t<\/div>\n\t\t\t\t<\/div>\n\t\t\t\t\t<\/div>\n\t\t<\/div>\n\t\t\t\t\t<\/div>\n\t\t<\/section>\n\t\t\t\t<section class=\"elementor-section elementor-top-section elementor-element elementor-element-54220ffa elementor-section-full_width elementor-section-content-middle elementor-reverse-tablet elementor-reverse-mobile elementor-section-height-default elementor-section-height-default\" data-id=\"54220ffa\" data-element_type=\"section\">\n\t\t\t\t\t\t<div class=\"elementor-container elementor-column-gap-no\">\n\t\t\t\t\t<div class=\"elementor-column elementor-col-100 elementor-top-column elementor-element elementor-element-5f2e9f54\" data-id=\"5f2e9f54\" data-element_type=\"column\">\n\t\t\t<div class=\"elementor-widget-wrap elementor-element-populated\">\n\t\t\t\t\t\t<div class=\"elementor-element elementor-element-61cfc04f elementor-widget-divider--view-line_text elementor-widget-divider--element-align-right elementor-invisible elementor-widget elementor-widget-divider\" data-id=\"61cfc04f\" data-element_type=\"widget\" data-settings=\"{&quot;_animation&quot;:&quot;slideInLeft&quot;}\" data-widget_type=\"divider.default\">\n\t\t\t\t<div class=\"elementor-widget-container\">\n\t\t\t\t\t\t\t<div class=\"elementor-divider\">\n\t\t\t<span class=\"elementor-divider-separator\">\n\t\t\t\t\t\t\t<span class=\"elementor-divider__text elementor-divider__element\">\n\t\t\t\tz\u012bmola st\u0101sts\t\t\t\t<\/span>\n\t\t\t\t\t\t<\/span>\n\t\t<\/div>\n\t\t\t\t\t\t<\/div>\n\t\t\t\t<\/div>\n\t\t\t\t\t<\/div>\n\t\t<\/div>\n\t\t\t\t\t<\/div>\n\t\t<\/section>\n\t\t\t\t<section class=\"elementor-section elementor-top-section elementor-element elementor-element-2262d2fb elementor-section-full_width elementor-section-content-middle elementor-section-height-default elementor-section-height-default\" data-id=\"2262d2fb\" data-element_type=\"section\">\n\t\t\t\t\t\t<div class=\"elementor-container elementor-column-gap-no\">\n\t\t\t\t\t<div class=\"elementor-column elementor-col-100 elementor-top-column elementor-element elementor-element-1fe98731\" data-id=\"1fe98731\" data-element_type=\"column\">\n\t\t\t<div class=\"elementor-widget-wrap elementor-element-populated\">\n\t\t\t\t\t\t<div class=\"elementor-element elementor-element-24c240a9 elementor-widget elementor-widget-text-editor\" data-id=\"24c240a9\" data-element_type=\"widget\" data-widget_type=\"text-editor.default\">\n\t\t\t\t<div class=\"elementor-widget-container\">\n\t\t\t\t\t\t\t\t\t<p>An\u017ee Ceramics radies k\u0101 izr\u0101viens no pils\u0113tas k\u0146adas ar nob\u0101z\u0113\u0161anos tuv\u0101k dabai, jo 2020. gad\u0101 ar \u0123imeni p\u0101rc\u0113l\u0101mies no pils\u0113tas skr\u0113jiena uz dz\u012bvi laukos un dabiski atn\u0101ca ideja par sava z\u012bmola izveidi. An\u017ee Ceramics ir da\u017e\u0101da izm\u0113ra un kro\u0146u formas aug\u013cu un saldumu\u00a0trauki, k\u016bku palikt\u0146i,\u00a0cepamtrauki un \u0161\u0137\u012bvji.<\/p><p>Ideja tie\u0161i par trauku rad\u012b\u0161anu man bija radusies ilgus gadu pirms tam, bet l\u012bdz \u0161im nesajutu \u012bsto laiku un vietu t\u0101s att\u012bst\u012b\u0161anai.\u00a0<span style=\"font-style: inherit; color: var(--ast-global-color-3); background-color: var( --e-global-color-b2a48f1 );\">Bet tie\u0161i \u0161obr\u012bd, kad sp\u0113ju izdz\u012bvot katru gadalaiku tik tuvu ar dabu, \u0161\u012bs idejas \u012bsteno\u0161ana man lik\u0101s tik piem\u0113rota. Akmensmasas trauki ir\u00a0ietur\u0113ti ask\u0113tisk\u0101 stil\u0101, dabiskos to\u0146os, ar nelielu sp\u012bduma piesk\u0101rienu &#8211; k\u0101 rad\u012bti maziem sv\u0113tkiem tav\u0101 ikdien\u0101.<\/span><\/p><p>P\u0113c da\u017e\u0101diem eksperimentiem ar form\u0101m un materi\u0101liem, esmu non\u0101kusi pie grezn\u0101s kro\u0146u formas akmensmasas traukiem.<\/p>\t\t\t\t\t\t\t\t<\/div>\n\t\t\t\t<\/div>\n\t\t\t\t\t<\/div>\n\t\t<\/div>\n\t\t\t\t\t<\/div>\n\t\t<\/section>\n\t\t\t\t<\/div>\n\t\t","protected":false},"excerpt":{"rendered":"<p>mani sauc ieva an\u017ee. Esmu \u0161\u012b z\u012bmola rad\u012bt\u0101ja, sirds un dv\u0113sele izgatavoju funkcion\u0101lus dizaina kro\u0146u formas traukus tavai dz\u012bves telpai un ikdienas svin\u0113\u0161anai. z\u012bmols, kas radies no manas liel\u0101s m\u012blest\u012bbas pret skaist\u0101m liet\u0101m apk\u0101rt, \u012bpa\u0161i traukiem. unik\u0101las formas traukiem.\u00a0 un kronis vienm\u0113r ir par sevis, dz\u012bves un ar\u012b ikdienas svin\u0113\u0161anu. tas ir skaists atg\u0101din\u0101jums tev &hellip;<\/p>\n<p class=\"read-more\"> <a class=\"\" href=\"https:\/\/www.anzeceramics.com\/en\/\"> <span class=\"screen-reader-text\">S\u0101kums<\/span> Read More &raquo;<\/a><\/p>","protected":false},"author":1,"featured_media":0,"parent":0,"menu_order":0,"comment_status":"closed","ping_status":"closed","template":"elementor_header_footer","meta":{"site-sidebar-layout":"default","site-content-layout":"default","ast-global-header-display":"","ast-main-header-display":"","ast-hfb-above-header-display":"","ast-hfb-below-header-display":"","ast-hfb-mobile-header-display":"","site-post-title":"","ast-breadcrumbs-content":"","ast-featured-img":"","footer-sml-layout":"","theme-transparent-header-meta":"","adv-header-id-meta":"","stick-header-meta":"","header-above-stick-meta":"","header-main-stick-meta":"","header-below-stick-meta":"","footnotes":""},"aioseo_notices":[],"_links":{"self":[{"href":"https:\/\/www.anzeceramics.com\/en\/wp-json\/wp\/v2\/pages\/488"}],"collection":[{"href":"https:\/\/www.anzeceramics.com\/en\/wp-json\/wp\/v2\/pages"}],"about":[{"href":"https:\/\/www.anzeceramics.com\/en\/wp-json\/wp\/v2\/types\/page"}],"author":[{"embeddable":true,"href":"https:\/\/www.anzeceramics.com\/en\/wp-json\/wp\/v2\/users\/1"}],"replies":[{"embeddable":true,"href":"https:\/\/www.anzeceramics.com\/en\/wp-json\/wp\/v2\/comments?post=488"}],"version-history":[{"count":106,"href":"https:\/\/www.anzeceramics.com\/en\/wp-json\/wp\/v2\/pages\/488\/revisions"}],"predecessor-version":[{"id":1444,"href":"https:\/\/www.anzeceramics.com\/en\/wp-json\/wp\/v2\/pages\/488\/revisions\/1444"}],"wp:attachment":[{"href":"https:\/\/www.anzeceramics.com\/en\/wp-json\/wp\/v2\/media?parent=488"}],"curies":[{"name":"wp","href":"https:\/\/api.w.org\/{rel}","templated":true}]}}