{"id":1199,"date":"2023-03-21T14:18:33","date_gmt":"2023-03-21T12:18:33","guid":{"rendered":"https:\/\/www.a-ceramics.com\/?post_type=product&#038;p=1199"},"modified":"2026-02-06T18:50:10","modified_gmt":"2026-02-06T16:50:10","slug":"sviesta-trauki","status":"publish","type":"product","link":"https:\/\/www.anzeceramics.com\/en\/product\/sviesta-trauki\/","title":{"rendered":"Butter dishes"},"content":{"rendered":"<p>Ar rok\u0101m gatavots akmens masas sviesta trauks.<\/p>\n<p>Piem\u0113rots trauku mazg\u0101jamajai ma\u0161\u012bnai uz vid\u0113jo gr\u0101du temperat\u016bras. Viegli kopjams ar\u012b mazg\u0101jot ar rok\u0101m.<\/p>\n<p>Par cik katrs produkts ir unik\u0101ls un tiek veidots atsevi\u0161\u0137i, tas var mazliet at\u0161\u0137irties no att\u0113l\u0101 redzam\u0101.<\/p>\n<p>Ja produkts nav uz vietas, tas tiek izgatavots 2 ned\u0113\u013cu laik\u0101.<\/p>","protected":false},"excerpt":{"rendered":"<p>Ar rok\u0101m gatavots akmens masas sviesta trauks. Piem\u0113rots trauku mazg\u0101jamajai ma\u0161\u012bnai uz vid\u0113jo gr\u0101du temperat\u016bras. Viegli kopjams ar\u012b mazg\u0101jot ar rok\u0101m. Par cik katrs produkts ir unik\u0101ls un tiek veidots atsevi\u0161\u0137i, tas var mazliet at\u0161\u0137irties no att\u0113l\u0101 redzam\u0101. Ja produkts nav uz vietas, tas tiek izgatavots 2 ned\u0113\u013cu laik\u0101.<\/p>","protected":false},"featured_media":1236,"template":"","meta":{"site-sidebar-layout":"default","site-content-layout":"default","ast-global-header-display":"","ast-main-header-display":"","ast-hfb-above-header-display":"","ast-hfb-below-header-display":"","ast-hfb-mobile-header-display":"","site-post-title":"","ast-breadcrumbs-content":"","ast-featured-img":"","footer-sml-layout":"","theme-transparent-header-meta":"default","adv-header-id-meta":"","stick-header-meta":"","header-above-stick-meta":"","header-main-stick-meta":"","header-below-stick-meta":""},"product_cat":[35],"product_tag":[],"aioseo_notices":[],"_links":{"self":[{"href":"https:\/\/www.anzeceramics.com\/en\/wp-json\/wp\/v2\/product\/1199"}],"collection":[{"href":"https:\/\/www.anzeceramics.com\/en\/wp-json\/wp\/v2\/product"}],"about":[{"href":"https:\/\/www.anzeceramics.com\/en\/wp-json\/wp\/v2\/types\/product"}],"wp:featuredmedia":[{"embeddable":true,"href":"https:\/\/www.anzeceramics.com\/en\/wp-json\/wp\/v2\/media\/1236"}],"wp:attachment":[{"href":"https:\/\/www.anzeceramics.com\/en\/wp-json\/wp\/v2\/media?parent=1199"}],"wp:term":[{"taxonomy":"product_cat","embeddable":true,"href":"https:\/\/www.anzeceramics.com\/en\/wp-json\/wp\/v2\/product_cat?post=1199"},{"taxonomy":"product_tag","embeddable":true,"href":"https:\/\/www.anzeceramics.com\/en\/wp-json\/wp\/v2\/product_tag?post=1199"}],"curies":[{"name":"wp","href":"https:\/\/api.w.org\/{rel}","templated":true}]}}