{"id":1492,"date":"2024-11-19T12:03:18","date_gmt":"2024-11-19T10:03:18","guid":{"rendered":"https:\/\/www.anzeceramics.com\/?post_type=product&#038;p=1492"},"modified":"2026-02-23T21:29:40","modified_gmt":"2026-02-23T19:29:40","slug":"blodas-un-blodinas","status":"publish","type":"product","link":"https:\/\/www.anzeceramics.com\/en\/product\/blodas-un-blodinas\/","title":{"rendered":"B\u013codas un b\u013codi\u0146as"},"content":{"rendered":"<p>Ar rok\u0101m darin\u0101tas akmensmasas b\u013codas.<\/p>\n<p>Maz\u0101s b\u013codi\u0146as ir lieliski piem\u0113rotas brokastu \u0113dieniem un maz\u0101kiem na\u0161\u0137\u012b\u0161iem. Var tikt izmantotas ar\u012b ne\u0113dam\u0101m liet\u0101m, protams \ud83d\ude42 Da\u017ereiz \u0161\u0137iet, ka \u017e\u0113l b\u016btu taj\u0101s \u0113dienu likt, tom\u0113r es iedro\u0161inu t\u0101s izmantot ar\u012b ikdien\u0101:)<\/p>\n<p>IZM\u0112RI: ~10 cm diametr\u0101<\/p>\n<p>Liel\u0101s b\u013codas ir perfektas da\u017e\u0101diem sal\u0101tiem. Pietieko\u0161i lielas, lai pieteiktu \u0123imenei pie vakari\u0146\u0101m. Vasar\u0101 taj\u0101s br\u012bni\u0161\u0137\u012bgi izskat\u0101s ar\u012b da\u017e\u0101das aukst\u0101s zupas. Ja k\u0101du reizi t\u0101s netiek izmantotas ne sal\u0101tiem, ne zup\u0101m, b\u013coda perfekti kalpos ar\u012b k\u0101 ietilp\u012bgs aug\u013cu trauks.<\/p>\n<p>IZM\u0112RI: Par cik t\u0101 ir neregul\u0101ras formas, t\u0101p\u0113c prec\u012bzu izm\u0113ru gr\u016bti nosaukt &#8211; ~26-28 cm diametr\u0101.<\/p>\n<p>!! Dr\u012bkst likt trauku mazg\u0101jamaj\u0101 ma\u0161\u012bn\u0101 un mier\u012bgajiem gr\u0101diem<\/p>","protected":false},"excerpt":{"rendered":"<p>Ar rok\u0101m darin\u0101tas akmensmasas b\u013codas. Maz\u0101s b\u013codi\u0146as ir lieliski piem\u0113rotas brokastu \u0113dieniem un maz\u0101kiem na\u0161\u0137\u012b\u0161iem. Var tikt izmantotas ar\u012b ne\u0113dam\u0101m liet\u0101m, protams \ud83d\ude42 Da\u017ereiz \u0161\u0137iet, ka \u017e\u0113l b\u016btu taj\u0101s \u0113dienu likt, tom\u0113r es iedro\u0161inu t\u0101s izmantot ar\u012b ikdien\u0101:) IZM\u0112RI: ~10 cm diametr\u0101 Liel\u0101s b\u013codas ir perfektas da\u017e\u0101diem sal\u0101tiem. Pietieko\u0161i lielas, lai pieteiktu \u0123imenei pie vakari\u0146\u0101m. &hellip;<\/p>\n<p class=\"read-more\"> <a class=\"\" href=\"https:\/\/www.anzeceramics.com\/en\/product\/blodas-un-blodinas\/\"> <span class=\"screen-reader-text\">B\u013codas un b\u013codi\u0146as<\/span> Read More &raquo;<\/a><\/p>","protected":false},"featured_media":1507,"template":"","meta":{"site-sidebar-layout":"default","site-content-layout":"default","ast-global-header-display":"","ast-main-header-display":"","ast-hfb-above-header-display":"","ast-hfb-below-header-display":"","ast-hfb-mobile-header-display":"","site-post-title":"","ast-breadcrumbs-content":"","ast-featured-img":"","footer-sml-layout":"","theme-transparent-header-meta":"default","adv-header-id-meta":"","stick-header-meta":"","header-above-stick-meta":"","header-main-stick-meta":"","header-below-stick-meta":""},"product_cat":[35],"product_tag":[48,51,49,50,52],"aioseo_notices":[],"_links":{"self":[{"href":"https:\/\/www.anzeceramics.com\/en\/wp-json\/wp\/v2\/product\/1492"}],"collection":[{"href":"https:\/\/www.anzeceramics.com\/en\/wp-json\/wp\/v2\/product"}],"about":[{"href":"https:\/\/www.anzeceramics.com\/en\/wp-json\/wp\/v2\/types\/product"}],"wp:featuredmedia":[{"embeddable":true,"href":"https:\/\/www.anzeceramics.com\/en\/wp-json\/wp\/v2\/media\/1507"}],"wp:attachment":[{"href":"https:\/\/www.anzeceramics.com\/en\/wp-json\/wp\/v2\/media?parent=1492"}],"wp:term":[{"taxonomy":"product_cat","embeddable":true,"href":"https:\/\/www.anzeceramics.com\/en\/wp-json\/wp\/v2\/product_cat?post=1492"},{"taxonomy":"product_tag","embeddable":true,"href":"https:\/\/www.anzeceramics.com\/en\/wp-json\/wp\/v2\/product_tag?post=1492"}],"curies":[{"name":"wp","href":"https:\/\/api.w.org\/{rel}","templated":true}]}}