{"id":700,"date":"2022-11-03T15:08:05","date_gmt":"2022-11-03T13:08:05","guid":{"rendered":"http:\/\/www.a-ceramics.com\/?post_type=product&#038;p=700"},"modified":"2024-04-23T08:52:30","modified_gmt":"2024-04-23T06:52:30","slug":"akmens-masas-kuku-paliktnis","status":"publish","type":"product","link":"https:\/\/www.anzeceramics.com\/en\/product\/akmens-masas-kuku-paliktnis\/","title":{"rendered":"Light cake stands"},"content":{"rendered":"<p>Ar rok\u0101m veidots k\u016bkas trauks uz k\u0101ji\u0146as.\u00a0 Gai\u0161a akmens masa ar tum\u0161iem l\u0101sumiem, zelt\u012btas bronzas glaz\u016bra uz bumbi\u0146\u0101m. Izm\u0113rs aptuveni 26-28 cm.<\/p>\n<p>Suitable for serving cakes, sweets, fruits and snacks. Easy to wash by hand.<\/p>\n<p>&nbsp;<\/p>\n<p>Par cik katrs produkts ir unik\u0101ls un veidots ar rok\u0101m, tas var nedaudz at\u0161\u0137irties no att\u0113l\u0101 redzam\u0101.<\/p>\n<p>Items with shiny parts are not dishwasher and microwave safe.<\/p>\n<p>Ja trauks nav pieejams uzreiz, tas tiek izgatavots 2 &#8211; 3 ned\u0113\u013cu laik\u0101.<\/p>","protected":false},"excerpt":{"rendered":"<p>Ar rok\u0101m veidots k\u016bkas trauks uz k\u0101ji\u0146as.\u00a0 Gai\u0161a akmens masa ar tum\u0161iem l\u0101sumiem, zelt\u012btas bronzas glaz\u016bra uz bumbi\u0146\u0101m. Izm\u0113rs aptuveni 26-28 cm. Piem\u0113rots k\u016bku, saldumu, aug\u013cu un uzkodu serv\u0113\u0161anai. Viegli mazg\u0101jams ar rok\u0101m. &nbsp; Par cik katrs produkts ir unik\u0101ls un veidots ar rok\u0101m, tas var nedaudz at\u0161\u0137irties no att\u0113l\u0101 redzam\u0101. Produkti ar sp\u012bd\u012bg\u0101m deta\u013c\u0101m &hellip;<\/p>\n<p class=\"read-more\"> <a class=\"\" href=\"https:\/\/www.anzeceramics.com\/en\/product\/akmens-masas-kuku-paliktnis\/\"> <span class=\"screen-reader-text\">Light cake stands<\/span> Read More &raquo;<\/a><\/p>","protected":false},"featured_media":1396,"template":"","meta":{"site-sidebar-layout":"default","site-content-layout":"default","ast-global-header-display":"","ast-main-header-display":"","ast-hfb-above-header-display":"","ast-hfb-below-header-display":"","ast-hfb-mobile-header-display":"","site-post-title":"","ast-breadcrumbs-content":"","ast-featured-img":"","footer-sml-layout":"","theme-transparent-header-meta":"default","adv-header-id-meta":"","stick-header-meta":"","header-above-stick-meta":"","header-main-stick-meta":"","header-below-stick-meta":""},"product_cat":[35],"product_tag":[],"aioseo_notices":[],"_links":{"self":[{"href":"https:\/\/www.anzeceramics.com\/en\/wp-json\/wp\/v2\/product\/700"}],"collection":[{"href":"https:\/\/www.anzeceramics.com\/en\/wp-json\/wp\/v2\/product"}],"about":[{"href":"https:\/\/www.anzeceramics.com\/en\/wp-json\/wp\/v2\/types\/product"}],"wp:featuredmedia":[{"embeddable":true,"href":"https:\/\/www.anzeceramics.com\/en\/wp-json\/wp\/v2\/media\/1396"}],"wp:attachment":[{"href":"https:\/\/www.anzeceramics.com\/en\/wp-json\/wp\/v2\/media?parent=700"}],"wp:term":[{"taxonomy":"product_cat","embeddable":true,"href":"https:\/\/www.anzeceramics.com\/en\/wp-json\/wp\/v2\/product_cat?post=700"},{"taxonomy":"product_tag","embeddable":true,"href":"https:\/\/www.anzeceramics.com\/en\/wp-json\/wp\/v2\/product_tag?post=700"}],"curies":[{"name":"wp","href":"https:\/\/api.w.org\/{rel}","templated":true}]}}