{"id":742,"date":"2022-11-03T18:03:17","date_gmt":"2022-11-03T16:03:17","guid":{"rendered":"http:\/\/www.a-ceramics.com\/?post_type=product&#038;p=742"},"modified":"2026-04-25T15:03:42","modified_gmt":"2026-04-25T13:03:42","slug":"akmens-masas-servejamais-trauks","status":"publish","type":"product","link":"https:\/\/www.anzeceramics.com\/en\/product\/akmens-masas-servejamais-trauks\/","title":{"rendered":"Serving dishes"},"content":{"rendered":"<p>Hand made stone tableware.<\/p>\n<p>Suitable for serving sweets, fruits and snacks. Easy to wash by hand. Products with shiny parts are not dishwasher and microwave safe.<\/p>\n<p>Par cik katrs produkts ir unik\u0101ls un tiek veidots atsevi\u0161\u0137i, tas var mazliet at\u0161\u0137irties no att\u0113l\u0101 redzam\u0101.<\/p>\n<p>Ja produkts nav uz vietas, tas tiek izgatavots 2 ned\u0113\u013cu laik\u0101.<\/p>","protected":false},"excerpt":{"rendered":"<p>Ar rok\u0101m gatavots akmens masas trauks. Piem\u0113rots saldumu, aug\u013cu un uzkodu serv\u0113\u0161anai. Viegli mazg\u0101jams ar rok\u0101m. Produkti ar sp\u012bd\u012bg\u0101m deta\u013c\u0101m nav piem\u0113roti trauku mazg\u0101jamajai ma\u0161\u012bnai un mikrovi\u013c\u0146u kr\u0101snij. Par cik katrs produkts ir unik\u0101ls un tiek veidots atsevi\u0161\u0137i, tas var mazliet at\u0161\u0137irties no att\u0113l\u0101 redzam\u0101. Ja produkts nav uz vietas, tas tiek izgatavots 2 ned\u0113\u013cu &hellip;<\/p>\n<p class=\"read-more\"> <a class=\"\" href=\"https:\/\/www.anzeceramics.com\/en\/product\/akmens-masas-servejamais-trauks\/\"> <span class=\"screen-reader-text\">Serving dishes<\/span> Read More &raquo;<\/a><\/p>","protected":false},"featured_media":1163,"template":"","meta":{"site-sidebar-layout":"default","site-content-layout":"default","ast-global-header-display":"","ast-main-header-display":"","ast-hfb-above-header-display":"","ast-hfb-below-header-display":"","ast-hfb-mobile-header-display":"","site-post-title":"","ast-breadcrumbs-content":"","ast-featured-img":"","footer-sml-layout":"","theme-transparent-header-meta":"default","adv-header-id-meta":"","stick-header-meta":"","header-above-stick-meta":"","header-main-stick-meta":"","header-below-stick-meta":""},"product_cat":[35],"product_tag":[],"aioseo_notices":[],"_links":{"self":[{"href":"https:\/\/www.anzeceramics.com\/en\/wp-json\/wp\/v2\/product\/742"}],"collection":[{"href":"https:\/\/www.anzeceramics.com\/en\/wp-json\/wp\/v2\/product"}],"about":[{"href":"https:\/\/www.anzeceramics.com\/en\/wp-json\/wp\/v2\/types\/product"}],"wp:featuredmedia":[{"embeddable":true,"href":"https:\/\/www.anzeceramics.com\/en\/wp-json\/wp\/v2\/media\/1163"}],"wp:attachment":[{"href":"https:\/\/www.anzeceramics.com\/en\/wp-json\/wp\/v2\/media?parent=742"}],"wp:term":[{"taxonomy":"product_cat","embeddable":true,"href":"https:\/\/www.anzeceramics.com\/en\/wp-json\/wp\/v2\/product_cat?post=742"},{"taxonomy":"product_tag","embeddable":true,"href":"https:\/\/www.anzeceramics.com\/en\/wp-json\/wp\/v2\/product_tag?post=742"}],"curies":[{"name":"wp","href":"https:\/\/api.w.org\/{rel}","templated":true}]}}